{"id":2006,"date":"2022-04-05T16:47:19","date_gmt":"2022-04-05T21:47:19","guid":{"rendered":"http:\/\/ftstecnologia.com.co\/?page_id=2006"},"modified":"2022-04-05T16:50:05","modified_gmt":"2022-04-05T21:50:05","slug":"terminos-de-uso","status":"publish","type":"page","link":"http:\/\/ftstecnologia.com.co\/en\/terminos-de-uso\/","title":{"rendered":"Terminos de Uso"},"content":{"rendered":"<div data-elementor-type=\"wp-page\" data-elementor-id=\"2006\" class=\"elementor elementor-2006\">\n\t\t\t\t\t\t\t\t\t<section class=\"elementor-section elementor-top-section elementor-element elementor-element-e33514f elementor-section-boxed elementor-section-height-default elementor-section-height-default\" data-id=\"e33514f\" data-element_type=\"section\">\n\t\t\t\t\t\t<div class=\"elementor-container elementor-column-gap-default\">\n\t\t\t\t\t<div class=\"elementor-column elementor-col-100 elementor-top-column elementor-element elementor-element-a25da0f\" data-id=\"a25da0f\" data-element_type=\"column\">\n\t\t\t<div class=\"elementor-widget-wrap elementor-element-populated\">\n\t\t\t\t\t\t\t\t<div class=\"elementor-element elementor-element-cf349ee elementor-widget elementor-widget-text-editor\" data-id=\"cf349ee\" data-element_type=\"widget\" data-widget_type=\"text-editor.default\">\n\t\t\t\t<div class=\"elementor-widget-container\">\n\t\t\t<style>\/*! elementor - v3.7.4 - 31-08-2022 *\/\n.elementor-widget-text-editor.elementor-drop-cap-view-stacked .elementor-drop-cap{background-color:#818a91;color:#fff}.elementor-widget-text-editor.elementor-drop-cap-view-framed .elementor-drop-cap{color:#818a91;border:3px solid;background-color:transparent}.elementor-widget-text-editor:not(.elementor-drop-cap-view-default) .elementor-drop-cap{margin-top:8px}.elementor-widget-text-editor:not(.elementor-drop-cap-view-default) .elementor-drop-cap-letter{width:1em;height:1em}.elementor-widget-text-editor .elementor-drop-cap{float:left;text-align:center;line-height:1;font-size:50px}.elementor-widget-text-editor .elementor-drop-cap-letter{display:inline-block}<\/style>\t\t\t\t<p>GUARANTEE POLICY<\/p><p>version 29 nov twenty-one<\/p><p>All equipment, parts, pieces or services delivered by FTS TECNOLOG\u00cdA S.A.S., enjoy a guarantee against manufacturing defects, offering repair or replacement of the equipment within the period of validity of said guarantee, as long as it is under conditions of normal use and of in accordance with the policies mentioned below:<\/p><p>1. Fill out the report in the application established by FTS TECNOLOG\u00cdA for this purpose (http:\/\/soportefts.homelinux.com\/), if you do not have credentials, you must request them via email to the address cliente@ftstecnologia.com. co. our customer service department will review your request verifying if the product is still within the warranty times.<\/p><p>It is important that, when completing the case in the news reporting web application, the diagnosis made in the first level technical review, the serial number and the invoice number associated with the element or contract are detailed.<\/p><p>2. In case of having warranty time, the shipment of the equipment will be requested to our main office located at Calle 30 # 23-28 Tulu\u00e1, Valle del Cauca, for technical inspection and validation of the requirements that do not generate exoneration of responsibility. of the guarantee, according to Article 16. Of the consumer statute Law 1480 of 2011, where it is mentioned that:<\/p><p>\u201cThe producer or supplier will be exonerated from the responsibility that derives from the guarantee, when it demonstrates that the defect comes from:<\/p><p>- Force majeure or unforeseeable circumstances.<\/p><p>\u2013 The act of a third party.<\/p><p>\u2013 The improper use of the good by the consumer.<\/p><p>\u2013 That the consumer does not comply with the installation, use or maintenance instructions indicated in the product manual, in the guarantee and\/or service level agreements delivered by the supplier. The content of the instruction manual must be in accordance with the complexity of the product. product.\"<\/p><p>3. At the time the article arrives at our facilities, you will be informed of the date of receipt and the status of the article, through the case generated in the help desk web application or HelpDesk (GLPI).<\/p><p>4. The reception of guarantees is carried out from Monday to Friday from 7:00 a.m. to 12:00 p.m. and from 2:00 p.m. to 6:30 p.m., the process time of the guarantees begins to run from the moment the article is received. in our office. It is important to clarify that, when sending the equipment, it is necessary that the packaging is identified with the associated case number.<\/p><p>5. No guarantee is filed if the item does not have the required information.<\/p><p>6. According to the diagnosis produced by the technical revision and validation of the element, it will be confirmed if the equipment enters as a guarantee or not.<\/p><p>7. If the element does not have a guarantee due to one of the exemptions described in point 2, a quote for the revision and repair services will be sent (if approved) including the shipping costs.<\/p><p>8. If the element does have a guarantee, the following will be taken into account:<\/p><p>o If the product can be repaired it will be shipped to the customer. The specifications of the process carried out will be related through the web application of the help desk or HelpDesk (GLPI) indicating the following [1]:<\/p><p>o Description of the repair carried out.<\/p><p>o Parts replaced or repaired.<\/p><p>o The date on which the customer delivered the product and the return date.<\/p><p>o Extension of the guarantee depending on the time that the client did not use the item.<\/p><p>o If the case arises where the item must be changed for a new one, FTS TECNOLOG\u00cdA has the time stipulated within the legal process, to carry out the purchase or production process and replace the item. If the item is in stock in our inventory, it will be shipped immediately and the warranty will start.<\/p><p>RECOMMENDATIONS:<\/p><p>The guarantee request is not accepted and the products sent by the client are returned with the freight at their expense, when at least one of the following cases occurs:<\/p><p>1. The client DOES NOT fill out the news report in the help desk web application or HelpDesk (GLPI).<\/p><p>2. When the client fails to comply with any of the guarantee exemption points.<\/p><p>3. When the serial number does not correspond to the one registered on the sales invoice.<\/p><p>4. When the product serial numbers have been altered or deleted.<\/p><p>5. The cost of shipping the product to the facilities of FTS TECNOLOG\u00cdA is borne by the customer.<\/p><p>6. Avoid sending accessories that do not correspond to the product, FTS TECNOLOG\u00cdA is not responsible for these elements.<\/p><p>7. Events that are estimated as misuse by the operators, labor accidents, liquid or food spills on the equipment.<\/p><p>8. Damage caused by traffic accidents or by malicious acts of third parties.<\/p><p>9. Damage caused by unauthorized repairs or by personnel other than those trained by FTS Technology.<\/p><p>10. Damage caused by riot or terrorism.<\/p><p>11. Damage caused by natural phenomena and\/or voltage supply problems such as surges or losses.<\/p><p>[1] Article 16 of the Consumer Statute.<\/p>\t\t\t\t\t\t<\/div>\n\t\t\t\t<\/div>\n\t\t\t\t\t<\/div>\n\t\t<\/div>\n\t\t\t\t\t\t\t<\/div>\n\t\t<\/section>\n\t\t\t\t\t\t\t<\/div>","protected":false},"excerpt":{"rendered":"<p>POL\u00cdTICA DE GARANT\u00cdAS versi\u00f3n 29 nov. 21 Todos los equipos, partes, piezas o servicios entregados por FTS TECNOLOG\u00cdA S.A.S., gozan de garant\u00eda ante defectos de fabricaci\u00f3n, ofreciendo reparaci\u00f3n o sustituci\u00f3n del equipo dentro del periodo de vigencia de dicha garant\u00eda, siempre y cuando se encuentre bajo condiciones de uso normal y de acuerdo con las &hellip;<\/p>\n<p class=\"read-more\"> <a class=\"\" href=\"http:\/\/ftstecnologia.com.co\/en\/terminos-de-uso\/\"> <span class=\"screen-reader-text\">Terminos de Uso<\/span> Read More &raquo;<\/a><\/p>","protected":false},"author":2,"featured_media":0,"parent":0,"menu_order":0,"comment_status":"closed","ping_status":"closed","template":"","meta":{"site-sidebar-layout":"no-sidebar","site-content-layout":"page-builder","ast-global-header-display":"","ast-main-header-display":"","ast-hfb-above-header-display":"","ast-hfb-below-header-display":"","ast-hfb-mobile-header-display":"","site-post-title":"disabled","ast-breadcrumbs-content":"","ast-featured-img":"disabled","footer-sml-layout":"","theme-transparent-header-meta":"","adv-header-id-meta":"","stick-header-meta":"","header-above-stick-meta":"","header-main-stick-meta":"","header-below-stick-meta":"","_joinchat":[]},"_links":{"self":[{"href":"http:\/\/ftstecnologia.com.co\/en\/wp-json\/wp\/v2\/pages\/2006"}],"collection":[{"href":"http:\/\/ftstecnologia.com.co\/en\/wp-json\/wp\/v2\/pages"}],"about":[{"href":"http:\/\/ftstecnologia.com.co\/en\/wp-json\/wp\/v2\/types\/page"}],"author":[{"embeddable":true,"href":"http:\/\/ftstecnologia.com.co\/en\/wp-json\/wp\/v2\/users\/2"}],"replies":[{"embeddable":true,"href":"http:\/\/ftstecnologia.com.co\/en\/wp-json\/wp\/v2\/comments?post=2006"}],"version-history":[{"count":3,"href":"http:\/\/ftstecnologia.com.co\/en\/wp-json\/wp\/v2\/pages\/2006\/revisions"}],"predecessor-version":[{"id":2009,"href":"http:\/\/ftstecnologia.com.co\/en\/wp-json\/wp\/v2\/pages\/2006\/revisions\/2009"}],"wp:attachment":[{"href":"http:\/\/ftstecnologia.com.co\/en\/wp-json\/wp\/v2\/media?parent=2006"}],"curies":[{"name":"wp","href":"https:\/\/api.w.org\/{rel}","templated":true}]}}