{"id":865,"date":"2022-03-02T02:09:49","date_gmt":"2022-03-02T07:09:49","guid":{"rendered":"http:\/\/ftstecnologia.com.co\/?page_id=865"},"modified":"2022-05-18T11:50:09","modified_gmt":"2022-05-18T16:50:09","slug":"nosotros","status":"publish","type":"page","link":"https:\/\/ftstecnologia.com.co\/en\/nosotros\/","title":{"rendered":"ABOUT US"},"content":{"rendered":"<div data-elementor-type=\"wp-page\" data-elementor-id=\"865\" class=\"elementor elementor-865\">\n\t\t\t\t\t\t\t\t\t<section class=\"elementor-section elementor-top-section elementor-element elementor-element-2ea7df92 elementor-section-height-min-height elementor-section-boxed elementor-section-height-default elementor-section-items-middle\" data-id=\"2ea7df92\" data-element_type=\"section\" data-settings=\"{&quot;background_background&quot;:&quot;slideshow&quot;,&quot;background_slideshow_gallery&quot;:[{&quot;id&quot;:2104,&quot;url&quot;:&quot;http:\\\/\\\/ftstecnologia.com.co\\\/wp-content\\\/uploads\\\/2022\\\/04\\\/Fotos-VAS-HD-34-scaled.webp&quot;},{&quot;id&quot;:2088,&quot;url&quot;:&quot;http:\\\/\\\/ftstecnologia.com.co\\\/wp-content\\\/uploads\\\/2022\\\/04\\\/Fotos-VAS-HD-6-scaled.webp&quot;},{&quot;id&quot;:2089,&quot;url&quot;:&quot;http:\\\/\\\/ftstecnologia.com.co\\\/wp-content\\\/uploads\\\/2022\\\/04\\\/Fotos-VAS-HD-7-scaled.webp&quot;}],&quot;background_slideshow_lazyload&quot;:&quot;yes&quot;,&quot;background_slideshow_ken_burns&quot;:&quot;yes&quot;,&quot;background_slideshow_loop&quot;:&quot;yes&quot;,&quot;background_slideshow_slide_duration&quot;:5000,&quot;background_slideshow_slide_transition&quot;:&quot;fade&quot;,&quot;background_slideshow_transition_duration&quot;:500,&quot;background_slideshow_ken_burns_zoom_direction&quot;:&quot;in&quot;}\">\n\t\t\t\t\t\t\t<div class=\"elementor-background-overlay\"><\/div>\n\t\t\t\t\t\t\t<div class=\"elementor-container elementor-column-gap-default\">\n\t\t\t\t\t<div class=\"elementor-column elementor-col-100 elementor-top-column elementor-element elementor-element-1b67fd08\" data-id=\"1b67fd08\" data-element_type=\"column\">\n\t\t\t<div class=\"elementor-widget-wrap elementor-element-populated\">\n\t\t\t\t\t\t\t\t<section class=\"elementor-section elementor-inner-section elementor-element elementor-element-55707679 elementor-section-boxed elementor-section-height-default elementor-section-height-default\" data-id=\"55707679\" data-element_type=\"section\">\n\t\t\t\t\t\t<div class=\"elementor-container elementor-column-gap-default\">\n\t\t\t\t\t<div class=\"elementor-column elementor-col-50 elementor-inner-column elementor-element elementor-element-a3cda00\" data-id=\"a3cda00\" data-element_type=\"column\">\n\t\t\t<div class=\"elementor-widget-wrap elementor-element-populated\">\n\t\t\t\t\t\t\t\t<div class=\"elementor-element elementor-element-92192d3 elementor-invisible elementor-widget elementor-widget-heading\" data-id=\"92192d3\" data-element_type=\"widget\" data-settings=\"{&quot;_animation&quot;:&quot;fadeInDown&quot;}\" data-widget_type=\"heading.default\">\n\t\t\t\t<div class=\"elementor-widget-container\">\n\t\t\t<style>\/*! elementor - v3.7.4 - 31-08-2022 *\/\n.elementor-heading-title{padding:0;margin:0;line-height:1}.elementor-widget-heading .elementor-heading-title[class*=elementor-size-]>a{color:inherit;font-size:inherit;line-height:inherit}.elementor-widget-heading .elementor-heading-title.elementor-size-small{font-size:15px}.elementor-widget-heading .elementor-heading-title.elementor-size-medium{font-size:19px}.elementor-widget-heading .elementor-heading-title.elementor-size-large{font-size:29px}.elementor-widget-heading .elementor-heading-title.elementor-size-xl{font-size:39px}.elementor-widget-heading .elementor-heading-title.elementor-size-xxl{font-size:59px}<\/style><h2 class=\"elementor-heading-title elementor-size-default\">About Us<\/h2>\t\t<\/div>\n\t\t\t\t<\/div>\n\t\t\t\t\t<\/div>\n\t\t<\/div>\n\t\t\t\t<div class=\"elementor-column elementor-col-50 elementor-inner-column elementor-element elementor-element-4f24247c\" data-id=\"4f24247c\" data-element_type=\"column\">\n\t\t\t<div class=\"elementor-widget-wrap\">\n\t\t\t\t\t\t\t\t\t<\/div>\n\t\t<\/div>\n\t\t\t\t\t\t\t<\/div>\n\t\t<\/section>\n\t\t\t\t\t<\/div>\n\t\t<\/div>\n\t\t\t\t\t\t\t<\/div>\n\t\t<\/section>\n\t\t\t\t<section class=\"elementor-section elementor-top-section elementor-element elementor-element-8c74ffd elementor-section-boxed elementor-section-height-default elementor-section-height-default\" data-id=\"8c74ffd\" data-element_type=\"section\" data-settings=\"{&quot;background_background&quot;:&quot;classic&quot;,&quot;shape_divider_bottom&quot;:&quot;tilt&quot;}\">\n\t\t\t\t\t\t\t<div class=\"elementor-background-overlay\"><\/div>\n\t\t\t\t\t\t<div class=\"elementor-shape elementor-shape-bottom\" data-negative=\"false\">\n\t\t\t<svg xmlns=\"http:\/\/www.w3.org\/2000\/svg\" viewbox=\"0 0 1000 100\" preserveaspectratio=\"none\">\n\t<path class=\"elementor-shape-fill\" d=\"M0,6V0h1000v100L0,6z\"\/>\n<\/svg>\t\t<\/div>\n\t\t\t\t\t<div class=\"elementor-container elementor-column-gap-default\">\n\t\t\t\t\t<div class=\"elementor-column elementor-col-50 elementor-top-column elementor-element elementor-element-45dcba7\" data-id=\"45dcba7\" data-element_type=\"column\">\n\t\t\t<div class=\"elementor-widget-wrap elementor-element-populated\">\n\t\t\t\t\t\t\t\t<div class=\"elementor-element elementor-element-dac2c6b elementor-invisible elementor-widget elementor-widget-image\" data-id=\"dac2c6b\" data-element_type=\"widget\" data-settings=\"{&quot;_animation&quot;:&quot;slideInLeft&quot;}\" data-widget_type=\"image.default\">\n\t\t\t\t<div class=\"elementor-widget-container\">\n\t\t\t<style>\/*! elementor - v3.7.4 - 31-08-2022 *\/\n.elementor-widget-image{text-align:center}.elementor-widget-image a{display:inline-block}.elementor-widget-image a img[src$=\".svg\"]{width:48px}.elementor-widget-image img{vertical-align:middle;display:inline-block}<\/style>\t\t\t\t\t\t\t\t\t\t\t\t<img width=\"1024\" height=\"940\" src=\"https:\/\/ftstecnologia.com.co\/wp-content\/uploads\/2022\/03\/MISION-1024x940.png\" class=\"attachment-large size-large\" alt=\"\" loading=\"lazy\" srcset=\"https:\/\/ftstecnologia.com.co\/wp-content\/uploads\/2022\/03\/MISION-1024x940.png 1024w, https:\/\/ftstecnologia.com.co\/wp-content\/uploads\/2022\/03\/MISION-300x275.png 300w, https:\/\/ftstecnologia.com.co\/wp-content\/uploads\/2022\/03\/MISION-768x705.png 768w, https:\/\/ftstecnologia.com.co\/wp-content\/uploads\/2022\/03\/MISION-1536x1410.png 1536w, https:\/\/ftstecnologia.com.co\/wp-content\/uploads\/2022\/03\/MISION-2048x1880.png 2048w, https:\/\/ftstecnologia.com.co\/wp-content\/uploads\/2022\/03\/MISION-13x12.png 13w\" sizes=\"(max-width: 1024px) 100vw, 1024px\" \/>\t\t\t\t\t\t\t\t\t\t\t\t\t\t\t<\/div>\n\t\t\t\t<\/div>\n\t\t\t\t\t<\/div>\n\t\t<\/div>\n\t\t\t\t<div class=\"elementor-column elementor-col-50 elementor-top-column elementor-element elementor-element-0cb6458\" data-id=\"0cb6458\" data-element_type=\"column\">\n\t\t\t<div class=\"elementor-widget-wrap elementor-element-populated\">\n\t\t\t\t\t\t\t\t<div class=\"elementor-element elementor-element-4aecb51 elementor-widget elementor-widget-heading\" data-id=\"4aecb51\" data-element_type=\"widget\" data-widget_type=\"heading.default\">\n\t\t\t\t<div class=\"elementor-widget-container\">\n\t\t\t<h1 class=\"elementor-heading-title elementor-size-xxl\">MISSION<\/h1>\t\t<\/div>\n\t\t\t\t<\/div>\n\t\t\t\t<div class=\"elementor-element elementor-element-51bfdce elementor-widget elementor-widget-text-editor\" data-id=\"51bfdce\" data-element_type=\"widget\" data-widget_type=\"text-editor.default\">\n\t\t\t\t<div class=\"elementor-widget-container\">\n\t\t\t<style>\/*! elementor - v3.7.4 - 31-08-2022 *\/\n.elementor-widget-text-editor.elementor-drop-cap-view-stacked .elementor-drop-cap{background-color:#818a91;color:#fff}.elementor-widget-text-editor.elementor-drop-cap-view-framed .elementor-drop-cap{color:#818a91;border:3px solid;background-color:transparent}.elementor-widget-text-editor:not(.elementor-drop-cap-view-default) .elementor-drop-cap{margin-top:8px}.elementor-widget-text-editor:not(.elementor-drop-cap-view-default) .elementor-drop-cap-letter{width:1em;height:1em}.elementor-widget-text-editor .elementor-drop-cap{float:left;text-align:center;line-height:1;font-size:50px}.elementor-widget-text-editor .elementor-drop-cap-letter{display:inline-block}<\/style>\t\t\t\t<p class=\" translation-block\"><strong><span style=\"color: #ffffff\">We implement and maintain intelligent transportation systems through<\/span><\/strong><br><strong><span style=\"color: #ffffff\">through of sustainable technological development and with a high degree of<\/span><\/strong><br><strong><span style=\"color: #ffffff\">innovation, according to the required quality management standards<\/span><\/strong><br><strong><span style=\"color: #ffffff\">in international regulations.<\/span><\/strong><br><strong><span style=\"color: #ffffff\">Our management is based on teamwork and the growth<\/span><\/strong><br><strong><span style=\"color: #ffffff\">personal and professional of our human talent.<\/span><\/strong><\/p>\t\t\t\t\t\t<\/div>\n\t\t\t\t<\/div>\n\t\t\t\t\t<\/div>\n\t\t<\/div>\n\t\t\t\t\t\t\t<\/div>\n\t\t<\/section>\n\t\t\t\t<section class=\"elementor-section elementor-top-section elementor-element elementor-element-37542be elementor-section-boxed elementor-section-height-default elementor-section-height-default\" data-id=\"37542be\" data-element_type=\"section\" data-settings=\"{&quot;background_background&quot;:&quot;classic&quot;}\">\n\t\t\t\t\t\t\t<div class=\"elementor-background-overlay\"><\/div>\n\t\t\t\t\t\t\t<div class=\"elementor-container elementor-column-gap-default\">\n\t\t\t\t\t<div class=\"elementor-column elementor-col-50 elementor-top-column elementor-element elementor-element-0685b0c\" data-id=\"0685b0c\" data-element_type=\"column\">\n\t\t\t<div class=\"elementor-widget-wrap elementor-element-populated\">\n\t\t\t\t\t\t\t\t<div class=\"elementor-element elementor-element-995da0e elementor-widget elementor-widget-heading\" data-id=\"995da0e\" data-element_type=\"widget\" data-widget_type=\"heading.default\">\n\t\t\t\t<div class=\"elementor-widget-container\">\n\t\t\t<h1 class=\"elementor-heading-title elementor-size-xxl\">VISION<\/h1>\t\t<\/div>\n\t\t\t\t<\/div>\n\t\t\t\t<div class=\"elementor-element elementor-element-90ea288 elementor-widget elementor-widget-text-editor\" data-id=\"90ea288\" data-element_type=\"widget\" data-widget_type=\"text-editor.default\">\n\t\t\t\t<div class=\"elementor-widget-container\">\n\t\t\t\t\t\t\t<p>\u00a0<\/p><p>\u00a0<\/p><p class=\" translation-block\"><span style=\"color: #e10a17\"><strong>By 2022 FTS Tecnolog\u00eda S.A.S will be a certified company in<\/strong><\/span><br><span style=\"color: #e10a17\"> <strong>quality management, with at least 9 projects per year, each of<\/strong><\/span><br><span style=\"color: #e10a17\"><strong>at least 12 lanes, recognized nationally and internationally as a<\/strong><\/span><br><span style=\"color: #e10a17\"><strong>an integral part of the development of road infrastructure and a leader in<\/strong><\/span><br><span style=\"color: #e10a17\"><strong>technological innovation in the region.<\/strong><\/span><\/p>\t\t\t\t\t\t<\/div>\n\t\t\t\t<\/div>\n\t\t\t\t\t<\/div>\n\t\t<\/div>\n\t\t\t\t<div class=\"elementor-column elementor-col-50 elementor-top-column elementor-element elementor-element-80466d6\" data-id=\"80466d6\" data-element_type=\"column\">\n\t\t\t<div class=\"elementor-widget-wrap elementor-element-populated\">\n\t\t\t\t\t\t\t\t<div class=\"elementor-element elementor-element-59258e7 elementor-invisible elementor-widget elementor-widget-image\" data-id=\"59258e7\" data-element_type=\"widget\" data-settings=\"{&quot;_animation&quot;:&quot;slideInRight&quot;}\" data-widget_type=\"image.default\">\n\t\t\t\t<div class=\"elementor-widget-container\">\n\t\t\t\t\t\t\t\t\t\t\t\t\t\t\t<img width=\"1024\" height=\"974\" src=\"https:\/\/ftstecnologia.com.co\/wp-content\/uploads\/2022\/03\/VISION-1024x974.png\" class=\"attachment-large size-large\" alt=\"\" loading=\"lazy\" srcset=\"https:\/\/ftstecnologia.com.co\/wp-content\/uploads\/2022\/03\/VISION-1024x974.png 1024w, https:\/\/ftstecnologia.com.co\/wp-content\/uploads\/2022\/03\/VISION-300x285.png 300w, https:\/\/ftstecnologia.com.co\/wp-content\/uploads\/2022\/03\/VISION-768x731.png 768w, https:\/\/ftstecnologia.com.co\/wp-content\/uploads\/2022\/03\/VISION-1536x1461.png 1536w, https:\/\/ftstecnologia.com.co\/wp-content\/uploads\/2022\/03\/VISION-2048x1948.png 2048w, https:\/\/ftstecnologia.com.co\/wp-content\/uploads\/2022\/03\/VISION-13x12.png 13w\" sizes=\"(max-width: 1024px) 100vw, 1024px\" \/>\t\t\t\t\t\t\t\t\t\t\t\t\t\t\t<\/div>\n\t\t\t\t<\/div>\n\t\t\t\t\t<\/div>\n\t\t<\/div>\n\t\t\t\t\t\t\t<\/div>\n\t\t<\/section>\n\t\t\t\t<section class=\"elementor-section elementor-top-section elementor-element elementor-element-7b7a56e elementor-section-boxed elementor-section-height-default elementor-section-height-default\" data-id=\"7b7a56e\" data-element_type=\"section\" data-settings=\"{&quot;background_background&quot;:&quot;classic&quot;,&quot;shape_divider_top&quot;:&quot;tilt&quot;}\">\n\t\t\t\t\t\t\t<div class=\"elementor-background-overlay\"><\/div>\n\t\t\t\t\t\t<div class=\"elementor-shape elementor-shape-top\" data-negative=\"false\">\n\t\t\t<svg xmlns=\"http:\/\/www.w3.org\/2000\/svg\" viewbox=\"0 0 1000 100\" preserveaspectratio=\"none\">\n\t<path class=\"elementor-shape-fill\" d=\"M0,6V0h1000v100L0,6z\"\/>\n<\/svg>\t\t<\/div>\n\t\t\t\t\t<div class=\"elementor-container elementor-column-gap-default\">\n\t\t\t\t\t<div class=\"elementor-column elementor-col-50 elementor-top-column elementor-element elementor-element-f959062\" data-id=\"f959062\" data-element_type=\"column\">\n\t\t\t<div class=\"elementor-widget-wrap elementor-element-populated\">\n\t\t\t\t\t\t\t\t<div class=\"elementor-element elementor-element-831727c elementor-widget elementor-widget-image\" data-id=\"831727c\" data-element_type=\"widget\" data-widget_type=\"image.default\">\n\t\t\t\t<div class=\"elementor-widget-container\">\n\t\t\t\t\t\t\t\t\t\t\t\t\t\t\t<img width=\"1024\" height=\"536\" src=\"https:\/\/ftstecnologia.com.co\/wp-content\/uploads\/2022\/03\/Iconos-Areas-de-Trabajo-2-1024x536.png\" class=\"attachment-large size-large\" alt=\"\" loading=\"lazy\" srcset=\"https:\/\/ftstecnologia.com.co\/wp-content\/uploads\/2022\/03\/Iconos-Areas-de-Trabajo-2-1024x536.png 1024w, https:\/\/ftstecnologia.com.co\/wp-content\/uploads\/2022\/03\/Iconos-Areas-de-Trabajo-2-300x157.png 300w, https:\/\/ftstecnologia.com.co\/wp-content\/uploads\/2022\/03\/Iconos-Areas-de-Trabajo-2-768x402.png 768w, https:\/\/ftstecnologia.com.co\/wp-content\/uploads\/2022\/03\/Iconos-Areas-de-Trabajo-2-1536x804.png 1536w, https:\/\/ftstecnologia.com.co\/wp-content\/uploads\/2022\/03\/Iconos-Areas-de-Trabajo-2-2048x1072.png 2048w, https:\/\/ftstecnologia.com.co\/wp-content\/uploads\/2022\/03\/Iconos-Areas-de-Trabajo-2-18x9.png 18w\" sizes=\"(max-width: 1024px) 100vw, 1024px\" \/>\t\t\t\t\t\t\t\t\t\t\t\t\t\t\t<\/div>\n\t\t\t\t<\/div>\n\t\t\t\t\t<\/div>\n\t\t<\/div>\n\t\t\t\t<div class=\"elementor-column elementor-col-50 elementor-top-column elementor-element elementor-element-df0e1eb\" data-id=\"df0e1eb\" data-element_type=\"column\">\n\t\t\t<div class=\"elementor-widget-wrap elementor-element-populated\">\n\t\t\t\t\t\t\t\t<div class=\"elementor-element elementor-element-e239e80 elementor-widget elementor-widget-heading\" data-id=\"e239e80\" data-element_type=\"widget\" data-widget_type=\"heading.default\">\n\t\t\t\t<div class=\"elementor-widget-container\">\n\t\t\t<h2 class=\"elementor-heading-title elementor-size-default\">WORK AREAS<\/h2>\t\t<\/div>\n\t\t\t\t<\/div>\n\t\t\t\t\t<\/div>\n\t\t<\/div>\n\t\t\t\t\t\t\t<\/div>\n\t\t<\/section>\n\t\t\t\t\t\t\t<\/div>","protected":false},"excerpt":{"rendered":"<p>Nosotros MISI\u00d3N Implementamos y mantenemos sistemas inteligentes de transporte atrav\u00e9s de desarrollo tecnol\u00f3gico sostenible y con alto grado deinnovac\u00f3n, de acuerdo a los est\u00e1ndares de gesti\u00f3n de calidad exigidosen normatividad internacional .Nuestra gesti\u00f3n se basa en el trabajo en equipo y el crecimientopersonal y profesional de nuestro talento humano. VISI\u00d3N \u00a0 \u00a0 Para el a\u00f1o &hellip;<\/p>\n<p class=\"read-more\"> <a class=\"\" href=\"https:\/\/ftstecnologia.com.co\/en\/nosotros\/\"> <span class=\"screen-reader-text\">ABOUT US<\/span> Read More &raquo;<\/a><\/p>","protected":false},"author":2,"featured_media":0,"parent":0,"menu_order":2,"comment_status":"closed","ping_status":"closed","template":"","meta":{"site-sidebar-layout":"no-sidebar","site-content-layout":"page-builder","ast-global-header-display":"","ast-main-header-display":"","ast-hfb-above-header-display":"","ast-hfb-below-header-display":"","ast-hfb-mobile-header-display":"","site-post-title":"disabled","ast-breadcrumbs-content":"","ast-featured-img":"disabled","footer-sml-layout":"","theme-transparent-header-meta":"","adv-header-id-meta":"","stick-header-meta":"","header-above-stick-meta":"","header-main-stick-meta":"","header-below-stick-meta":"","_joinchat":[]},"_links":{"self":[{"href":"https:\/\/ftstecnologia.com.co\/en\/wp-json\/wp\/v2\/pages\/865"}],"collection":[{"href":"https:\/\/ftstecnologia.com.co\/en\/wp-json\/wp\/v2\/pages"}],"about":[{"href":"https:\/\/ftstecnologia.com.co\/en\/wp-json\/wp\/v2\/types\/page"}],"author":[{"embeddable":true,"href":"https:\/\/ftstecnologia.com.co\/en\/wp-json\/wp\/v2\/users\/2"}],"replies":[{"embeddable":true,"href":"https:\/\/ftstecnologia.com.co\/en\/wp-json\/wp\/v2\/comments?post=865"}],"version-history":[{"count":151,"href":"https:\/\/ftstecnologia.com.co\/en\/wp-json\/wp\/v2\/pages\/865\/revisions"}],"predecessor-version":[{"id":2178,"href":"https:\/\/ftstecnologia.com.co\/en\/wp-json\/wp\/v2\/pages\/865\/revisions\/2178"}],"wp:attachment":[{"href":"https:\/\/ftstecnologia.com.co\/en\/wp-json\/wp\/v2\/media?parent=865"}],"curies":[{"name":"wp","href":"https:\/\/api.w.org\/{rel}","templated":true}]}}